{"id":116,"date":"2026-01-08T18:19:22","date_gmt":"2026-01-08T17:19:22","guid":{"rendered":"https:\/\/sczernohorsky.hak-digital.at\/?post_type=product&#038;p=116"},"modified":"2026-01-08T22:19:08","modified_gmt":"2026-01-08T21:19:08","slug":"hemden-mit-stil","status":"publish","type":"product","link":"https:\/\/sczernohorsky.hak-digital.at\/?product=hemden-mit-stil","title":{"rendered":"Hemden nach Ma\u00df"},"content":{"rendered":"<p>Mit Leidenschaft, viel Erfahrung, handwerklichem Geschick und modischem Gesp\u00fcr fertigen wir individuelle, ma\u00dfgeschneiderte Hemden.<\/p>\n","protected":false},"excerpt":{"rendered":"<p>Individuell auszusuchen:<br \/>\nKn\u00f6pfe<br \/>\nMaterial<br \/>\nKrawatte<\/p>\n","protected":false},"featured_media":159,"comment_status":"open","ping_status":"closed","template":"","meta":{"neve_meta_sidebar":"","neve_meta_container":"","neve_meta_enable_content_width":"off","neve_meta_content_width":100,"neve_meta_title_alignment":"","neve_meta_author_avatar":"","neve_post_elements_order":"","neve_meta_disable_header":"","neve_meta_disable_footer":"","neve_meta_disable_title":""},"product_brand":[],"product_cat":[15],"product_tag":[],"class_list":{"0":"post-116","1":"product","2":"type-product","3":"status-publish","4":"has-post-thumbnail","6":"product_cat-unkategorisiert","8":"first","9":"instock","10":"sale","11":"taxable","12":"shipping-taxable","13":"purchasable","14":"product-type-simple"},"_links":{"self":[{"href":"https:\/\/sczernohorsky.hak-digital.at\/index.php?rest_route=\/wp\/v2\/product\/116","targetHints":{"allow":["GET"]}}],"collection":[{"href":"https:\/\/sczernohorsky.hak-digital.at\/index.php?rest_route=\/wp\/v2\/product"}],"about":[{"href":"https:\/\/sczernohorsky.hak-digital.at\/index.php?rest_route=\/wp\/v2\/types\/product"}],"replies":[{"embeddable":true,"href":"https:\/\/sczernohorsky.hak-digital.at\/index.php?rest_route=%2Fwp%2Fv2%2Fcomments&post=116"}],"wp:featuredmedia":[{"embeddable":true,"href":"https:\/\/sczernohorsky.hak-digital.at\/index.php?rest_route=\/wp\/v2\/media\/159"}],"wp:attachment":[{"href":"https:\/\/sczernohorsky.hak-digital.at\/index.php?rest_route=%2Fwp%2Fv2%2Fmedia&parent=116"}],"wp:term":[{"taxonomy":"product_brand","embeddable":true,"href":"https:\/\/sczernohorsky.hak-digital.at\/index.php?rest_route=%2Fwp%2Fv2%2Fproduct_brand&post=116"},{"taxonomy":"product_cat","embeddable":true,"href":"https:\/\/sczernohorsky.hak-digital.at\/index.php?rest_route=%2Fwp%2Fv2%2Fproduct_cat&post=116"},{"taxonomy":"product_tag","embeddable":true,"href":"https:\/\/sczernohorsky.hak-digital.at\/index.php?rest_route=%2Fwp%2Fv2%2Fproduct_tag&post=116"}],"curies":[{"name":"wp","href":"https:\/\/api.w.org\/{rel}","templated":true}]}}