{"id":67,"date":"2026-01-08T16:59:39","date_gmt":"2026-01-08T15:59:39","guid":{"rendered":"https:\/\/sczernohorsky.hak-digital.at\/?page_id=67"},"modified":"2026-01-08T18:44:29","modified_gmt":"2026-01-08T17:44:29","slug":"agb","status":"publish","type":"page","link":"https:\/\/sczernohorsky.hak-digital.at\/?page_id=67","title":{"rendered":"AGB"},"content":{"rendered":"\n<h2 class=\"wp-block-heading\">Allgemeine Gesch\u00e4ftsbedingungen (AGB)<\/h2>\n\n\n\n<p>Diese Website ist ein <strong>Schulprojekt<\/strong> und dient ausschlie\u00dflich zu \u00dcbungs- und Lernzwecken. Es handelt sich <strong>nicht um einen echten Online-Shop<\/strong>.<\/p>\n\n\n\n<h3 class=\"wp-block-heading\">1. Geltungsbereich<\/h3>\n\n\n\n<p>Diese AGB gelten f\u00fcr die Nutzung der Website \u201eSophies Fashion\u201c.<\/p>\n\n\n\n<h3 class=\"wp-block-heading\">2. Angebot<\/h3>\n\n\n\n<p>Die dargestellten Produkte und Preise sind <strong>nicht verbindlich<\/strong> und dienen nur zur Darstellung eines fiktiven Online-Shops im Rahmen eines Schulprojekts.<\/p>\n\n\n\n<h3 class=\"wp-block-heading\">3. Bestellung<\/h3>\n\n\n\n<p>Bestellungen \u00fcber diese Website haben <strong>keine rechtliche Wirkung<\/strong>. Es kommt kein Kaufvertrag zustande.<\/p>\n\n\n\n<h3 class=\"wp-block-heading\">4. Preise und Zahlung<\/h3>\n\n\n\n<p>Alle angegebenen Preise sind <strong>Beispielpreise<\/strong>. Es erfolgt keine echte Bezahlung.<\/p>\n\n\n\n<h3 class=\"wp-block-heading\">5. Lieferung<\/h3>\n\n\n\n<p>Es findet <strong>keine Lieferung<\/strong> von Waren statt.<\/p>\n\n\n\n<h3 class=\"wp-block-heading\">6. Haftung<\/h3>\n\n\n\n<p>F\u00fcr Inhalte, Darstellungen oder technische Funktionen dieser Website wird keine Haftung \u00fcbernommen.<\/p>\n\n\n\n<h3 class=\"wp-block-heading\">7. Schlussbestimmungen<\/h3>\n\n\n\n<p>Diese Website wurde im Rahmen eines Schulprojekts erstellt und verfolgt keine kommerziellen Zwecke.<\/p>\n","protected":false},"excerpt":{"rendered":"<p>Allgemeine Gesch\u00e4ftsbedingungen (AGB) Diese Website ist ein Schulprojekt und dient ausschlie\u00dflich zu \u00dcbungs- und Lernzwecken. Es handelt sich nicht um einen echten Online-Shop. 1. Geltungsbereich Diese AGB gelten f\u00fcr die Nutzung der Website \u201eSophies Fashion\u201c. 2. Angebot Die dargestellten Produkte und Preise sind nicht verbindlich und dienen nur zur Darstellung eines fiktiven Online-Shops im Rahmen&hellip;&nbsp;<a href=\"https:\/\/sczernohorsky.hak-digital.at\/?page_id=67\" rel=\"bookmark\"><span class=\"screen-reader-text\">AGB<\/span><\/a><\/p>\n","protected":false},"author":1,"featured_media":0,"parent":0,"menu_order":0,"comment_status":"closed","ping_status":"closed","template":"","meta":{"neve_meta_sidebar":"","neve_meta_container":"","neve_meta_enable_content_width":"","neve_meta_content_width":0,"neve_meta_title_alignment":"","neve_meta_author_avatar":"","neve_post_elements_order":"","neve_meta_disable_header":"","neve_meta_disable_footer":"","neve_meta_disable_title":"on","footnotes":""},"class_list":["post-67","page","type-page","status-publish","hentry"],"_links":{"self":[{"href":"https:\/\/sczernohorsky.hak-digital.at\/index.php?rest_route=\/wp\/v2\/pages\/67","targetHints":{"allow":["GET"]}}],"collection":[{"href":"https:\/\/sczernohorsky.hak-digital.at\/index.php?rest_route=\/wp\/v2\/pages"}],"about":[{"href":"https:\/\/sczernohorsky.hak-digital.at\/index.php?rest_route=\/wp\/v2\/types\/page"}],"author":[{"embeddable":true,"href":"https:\/\/sczernohorsky.hak-digital.at\/index.php?rest_route=\/wp\/v2\/users\/1"}],"replies":[{"embeddable":true,"href":"https:\/\/sczernohorsky.hak-digital.at\/index.php?rest_route=%2Fwp%2Fv2%2Fcomments&post=67"}],"version-history":[{"count":2,"href":"https:\/\/sczernohorsky.hak-digital.at\/index.php?rest_route=\/wp\/v2\/pages\/67\/revisions"}],"predecessor-version":[{"id":136,"href":"https:\/\/sczernohorsky.hak-digital.at\/index.php?rest_route=\/wp\/v2\/pages\/67\/revisions\/136"}],"wp:attachment":[{"href":"https:\/\/sczernohorsky.hak-digital.at\/index.php?rest_route=%2Fwp%2Fv2%2Fmedia&parent=67"}],"curies":[{"name":"wp","href":"https:\/\/api.w.org\/{rel}","templated":true}]}}